{"id":156,"date":"2026-01-22T11:27:48","date_gmt":"2026-01-22T11:27:48","guid":{"rendered":"https:\/\/vetprnjavor.com\/?page_id=156"},"modified":"2026-01-27T08:15:33","modified_gmt":"2026-01-27T08:15:33","slug":"nase-usluge","status":"publish","type":"page","link":"https:\/\/vetprnjavor.com\/?page_id=156","title":{"rendered":"NA\u0160E USLUGE"},"content":{"rendered":"\n    \n    <section class=\"u-align-center u-clearfix u-container-align-center u-grey-5 u-section-2\" src=\"\" id=\"sec-fbd2\">\n      <div class=\"u-clearfix u-sheet u-valign-middle-lg u-valign-middle-md u-valign-middle-sm u-valign-middle-xs u-sheet-1\">\n        <div class=\"u-expanded-width u-list u-list-1\">\n          <div class=\"u-repeater u-repeater-1\">\n            <div class=\"u-align-center u-border-no-bottom u-border-no-left u-border-no-right u-container-style u-custom-item u-gradient u-hover-feature u-list-item u-radius u-repeater-item u-shape-round u-border-3 u-border-palette-2-base u-list-item-1\" data-animation-name=\"customAnimationIn\" data-animation-duration=\"1500\" data-animation-delay=\"500\">\n              <div class=\"u-container-layout u-similar-container u-valign-top-lg u-valign-top-md u-valign-top-sm u-valign-top-xs u-container-layout-1\">\n                <h3 class=\"u-custom-item u-text u-text-1\">Dijagnostika<\/h3>\n                <p class=\"u-custom-item u-text u-text-2\"> Vererinarska stanica A.D. Prnjavor raspola\u017ee sa modernom\ndijagnosti\u010dkom opremom neophodnom za ta\u010dno i brzo utvr\u0111ivanje zdravstvenog\nstanja va\u0161eg ljubimca. Na raspolaganju imamo laboratorije za analizu uzoraka\nkrvi ( kompletna krvna slika i biohemiski parametri stanja bubrega, jetre,\npankreasa, \u0161titne \u017elijezde i ostali pokazatelji neophodni za pouzdanu\ndijagnostiku). Posjedujemo i savremeni digitalni rengen aparat, ultrazvuk i\nEKG. Izvodimo i brze ELISA testove za utvr\u0111ivanje oboljenja kao \u0161to su\nparvoviroza, \u0161tene\u0107ak, erlihioza, anaplazma, borelioza, giardija, FeLV- virus\nma\u010dije lukemije, FIP- virus ma\u010dije imunodeficijencije ( ma\u010dija sida), FPV- panleukopenija\nma\u010daka ( parvovirus ma\u010daka). Vr\u0161imo i uzorkovanje brisva za mikrobiolo\u0161ku\nanalizu kao i uzimanje uzoraka tkiva za patohistolo\u0161ku analizu ( PH). <\/p>\n              <\/div>\n            <\/div>\n            <div class=\"u-align-center u-border-no-bottom u-border-no-left u-border-no-right u-container-align-center u-container-align-left u-container-style u-custom-item u-gradient u-hover-feature u-list-item u-radius u-repeater-item u-shape-round u-border-3 u-border-palette-2-base u-list-item-2\" data-animation-name=\"customAnimationIn\" data-animation-duration=\"1000\">\n              <div class=\"u-container-layout u-similar-container u-valign-top-lg u-valign-top-md u-valign-top-sm u-valign-top-xs u-container-layout-2\">\n                <h3 class=\"u-custom-item u-text u-text-3\">Op\u0161ti i specijalisti\u010dki pregled<\/h3>\n                <p class=\"u-custom-item u-text u-text-4\"> U\nna\u0161oj ustanovi va\u0161 ljubimac \u0107e biti pregledan stru\u010dno i detaljno u skladu sa\ndobrom veterinarskom praksom. Pored op\u0161teg klini\u010dkog pregleda sprovodimo i\nspecijalist\u010dle ortopedske i neurolo\u0161ke preglede kao i oftalmolo\u0161ki prgled<\/p>\n              <\/div>\n            <\/div>\n            <div class=\"u-align-center u-border-no-bottom u-border-no-left u-border-no-right u-container-style u-custom-item u-gradient u-hover-feature u-list-item u-radius u-repeater-item u-shape-round u-border-3 u-border-palette-2-base u-list-item-3\" data-animation-name=\"customAnimationIn\" data-animation-duration=\"1000\">\n              <div class=\"u-container-layout u-similar-container u-valign-top-lg u-valign-top-md u-valign-top-sm u-valign-top-xs u-container-layout-3\">\n                <h3 class=\"u-custom-item u-text u-text-5\">Hirurgija<\/h3>\n                <p class=\"u-custom-item u-text u-text-6\"> Na\u0161a ustanova raspola\u017ee sa moderno opremljenom hirur\u0161kom\nsalom, a hirur\u0161kim timom rukovodi dr sci. Sini\u0161a Gatari\u0107 za sada jedini doktor\nnauka iz oblasti veterinarske hirurgije u R.S. Izvodimo niz hirur\u0161kih\nzahvata&nbsp; od rutinskih kao \u0161to su\nsterilizacija \u017eenki ( ovarohisterijektomija), kastracija mu\u017ejaka i zbrinjavanje\nrana do slo\u017eenih operacija iz oblasti ortopedije ( osteosinteza,\nligamentoplastika, operacija kukova i drugi ortopedski zahvati), abdominalne\nhirurgije, hirurgije tumora i urogenitalnog trakta. Hirur\u0161ki zahvati se\nsprovode po najsavremenijim procedurama preoperativne priprme u op\u0161toja &nbsp;&nbsp;&nbsp;&nbsp;&nbsp;&nbsp;&nbsp;&nbsp;&nbsp;&nbsp;&nbsp;&nbsp;&nbsp;&nbsp;( inhalacijonoj ili balansiranoj\ninjekcijonoj) ili lokalnoj anesteziji uz po\u0161tovanje principa asepse i antisepse.\nPo zavr\u0161etku hirur\u0161kog zahvata dobi\u0107ete neophodne savjete za postoperativnu\nbrigu pacijenta, a u odre\u0111enim slu\u010dajevima ako je to neophodno za opravak\nva\u0161ega ljubimca isti mo\u017ee biti zadr\u017ean na stacijonarnom lij\u010denju vi\u0161e dana uz\ndvadeset\u010detiri \u010dasovni nadzor i prate\u0107u terapiju. \u010cinjenica da godi\u0161nje izvedmo\nu prosjeku peko 1000 hirur\u0161kih zahvata govori o obimu povjernja koje nam\npru\u017eaju korsnici na\u0161ih usluga.&nbsp;&nbsp;<\/p>\n              <\/div>\n            <\/div>\n            <div class=\"u-align-center u-border-no-bottom u-border-no-left u-border-no-right u-container-style u-custom-item u-gradient u-hover-feature u-list-item u-radius u-repeater-item u-shape-round u-border-3 u-border-palette-2-base u-list-item-4\" data-animation-name=\"customAnimationIn\" data-animation-duration=\"1000\">\n              <div class=\"u-container-layout u-similar-container u-valign-top-lg u-valign-top-md u-valign-top-sm u-valign-top-xs u-container-layout-4\">\n                <h3 class=\"u-custom-item u-text u-text-7\">Stacionarna i intezivna njega<\/h3>\n                <p class=\"u-custom-item u-text u-text-8\"> Za sva slo\u017eena stanja koja zahtjevaju stalan nadzor i\ndvadeset\u010detiri \u010dasovni tretman na raspolaganju posjedujemo stacionar u kome\nva\u0161 ljubimac dobija neophdnu brigu, njegu i terapiju. <\/p>\n              <\/div>\n            <\/div>\n            <div class=\"u-align-center u-border-no-bottom u-border-no-left u-border-no-right u-container-align-center u-container-align-left u-container-style u-custom-item u-gradient u-hover-feature u-list-item u-radius u-repeater-item u-shape-round u-border-3 u-border-palette-2-base u-list-item-5\" data-animation-name=\"customAnimationIn\" data-animation-duration=\"1000\">\n              <div class=\"u-container-layout u-similar-container u-valign-top-lg u-valign-top-md u-valign-top-sm u-valign-top-xs u-container-layout-5\">\n                <h3 class=\"u-custom-item u-text u-text-9\">Grooming<\/h3>\n                <p class=\"u-custom-item u-text u-text-10\"> Od 2003. godine u sastavu na\u0161e ustanove nalazi se i GROOMING\nkabinet koji pru\u017ea usluge kupanja, \u0161i\u0161anja, pedikira i uljep\u0161avanja va\u0161eg ljubimca. Termin mo\u017eete rezervisati na broj telefona 065\/310-345. <\/p>\n              <\/div>\n            <\/div>\n            <div class=\"u-align-center u-border-no-bottom u-border-no-left u-border-no-right u-container-style u-custom-item u-gradient u-hover-feature u-list-item u-radius u-repeater-item u-shape-round u-border-3 u-border-palette-2-base u-list-item-6\" data-animation-name=\"customAnimationIn\" data-animation-duration=\"1000\">\n              <div class=\"u-container-layout u-similar-container u-valign-top-lg u-valign-top-md u-valign-top-sm u-valign-top-xs u-container-layout-6\">\n                <h3 class=\"u-custom-item u-text u-text-11\">Apoteka i pet shop<\/h3>\n                <p class=\"u-custom-item u-text u-text-12\"> Sve\nneophodne suplemente, hranu, opremu i lijekove koji su potrebni va\u0161em ljubimcu\nmo\u017eete nabaviti u na\u0161oj apoteci i pet shopu uz stru\u010dne savjete i uputstva za\nprimjenu.<\/p>\n              <\/div>\n            <\/div>\n            <div class=\"u-align-center u-border-no-bottom u-border-no-left u-border-no-right u-container-style u-custom-item u-gradient u-hover-feature u-list-item u-radius u-repeater-item u-shape-round u-border-3 u-border-palette-2-base u-list-item-7\" data-animation-name=\"customAnimationIn\" data-animation-duration=\"1000\">\n              <div class=\"u-container-layout u-similar-container u-valign-top-lg u-valign-top-md u-valign-top-sm u-valign-top-xs u-container-layout-7\">\n                <h3 class=\"u-custom-item u-text u-text-13\">Analiza mesa na trihinelozu<\/h3>\n                <p class=\"u-custom-item u-text u-text-14\"> Svakodnevno\nosim nedeljom vr\u0161imo i analizu uzoraka svinjskog mesa na prisustvo larvi\ntrichinelle spiralis. Pregled se vr\u0161i pouzdanom metodom digestije, a o\nrezultatima analize obavje\u0161tavamo vas putem broja telefona koji ostavljate\nprilikom predaje uzorka.<\/p>\n              <\/div>\n            <\/div>\n            <div class=\"u-align-center u-border-no-bottom u-border-no-left u-border-no-right u-container-align-center u-container-align-left u-container-style u-custom-item u-gradient u-hover-feature u-list-item u-radius u-repeater-item u-shape-round u-border-3 u-border-palette-2-base u-list-item-8\" data-animation-name=\"customAnimationIn\" data-animation-duration=\"1000\">\n              <div class=\"u-container-layout u-similar-container u-valign-top-lg u-valign-top-md u-valign-top-sm u-valign-top-xs u-container-layout-8\">\n                <h3 class=\"u-custom-item u-text u-text-15\">Prevencija-vakcinacija<\/h3>\n                <p class=\"u-custom-item u-text u-text-16\"> Po\u0161tuju\u0107i staru izreku: \" Bolje sprije\u010diti nego\nlije\u010diti\" posebnu pa\u017enju pridajemo prevenciji zaraznih bolesti od kojih\nmo\u017ee oboliti i va\u0161 ljubimac. Pored zakonom propisnog \u010dipovanja i vakcinacije\nprotiv uzro\u010dnika bjesnila u na\u0161oj ustanovi mo\u017eete pravovrmeno ( nakon 45 dana\nstarosti) za\u0161tititi svog ljubimca od naj\u010de\u0161\u0107ih i najte\u017eih zaraznih bolesti od\nkojih oboljevaju psi i ma\u010dke. Nakon sprovedenog tretmana ako putujete u\ninostranstvo za svog ljubimca mo\u017eete izvaditi neophodnu dokumentaciju za\nprelazak granice ( paso\u0161 i sertifikat). <\/p>\n              <\/div>\n            <\/div>\n            <div class=\"u-align-center u-border-no-bottom u-border-no-left u-border-no-right u-container-style u-custom-item u-gradient u-hover-feature u-list-item u-radius u-repeater-item u-shape-round u-border-3 u-border-palette-2-base u-list-item-9\" data-animation-name=\"customAnimationIn\" data-animation-duration=\"1000\">\n              <div class=\"u-container-layout u-similar-container u-valign-top-lg u-valign-top-md u-valign-top-sm u-valign-top-xs u-container-layout-9\">\n                <h3 class=\"u-custom-item u-text u-text-17\">Veterinarska stanica a.d. Prnjavor<\/h3>\n                <p class=\"u-custom-item u-text u-text-18\">Od 1952...<\/p>\n              <\/div>\n            <\/div>\n          <\/div>\n        <\/div>\n      <\/div>\n      \n      \n      \n      \n      \n      \n      \n      \n      \n      \n      \n      \n      \n      \n      \n      \n      \n      \n    <\/section>\n    \n    \n    \n  \n","protected":false},"excerpt":{"rendered":"<p>Dijagnostika Vererinarska stanica A.D. Prnjavor raspola\u017ee sa modernom dijagnosti\u010dkom opremom neophodnom za ta\u010dno i brzo utvr\u0111ivanje zdravstvenog stanja va\u0161eg ljubimca. Na raspolaganju imamo laboratorije za analizu uzoraka krvi ( kompletna krvna slika i biohemiski parametri stanja bubrega, jetre, pankreasa, \u0161titne \u017elijezde i ostali pokazatelji neophodni za pouzdanu dijagnostiku). Posjedujemo i savremeni digitalni rengen aparat, ultrazvuk &hellip; <a href=\"https:\/\/vetprnjavor.com\/?page_id=156\" class=\"more-link\">Continue reading<span class=\"screen-reader-text\"> &#8220;NA\u0160E USLUGE&#8221;<\/span><\/a><\/p>\n","protected":false},"author":1,"featured_media":0,"parent":0,"menu_order":0,"comment_status":"closed","ping_status":"closed","template":"","meta":{"footnotes":""},"class_list":["post-156","page","type-page","status-publish","hentry"],"_links":{"self":[{"href":"https:\/\/vetprnjavor.com\/index.php?rest_route=\/wp\/v2\/pages\/156","targetHints":{"allow":["GET"]}}],"collection":[{"href":"https:\/\/vetprnjavor.com\/index.php?rest_route=\/wp\/v2\/pages"}],"about":[{"href":"https:\/\/vetprnjavor.com\/index.php?rest_route=\/wp\/v2\/types\/page"}],"author":[{"embeddable":true,"href":"https:\/\/vetprnjavor.com\/index.php?rest_route=\/wp\/v2\/users\/1"}],"replies":[{"embeddable":true,"href":"https:\/\/vetprnjavor.com\/index.php?rest_route=%2Fwp%2Fv2%2Fcomments&post=156"}],"version-history":[{"count":5,"href":"https:\/\/vetprnjavor.com\/index.php?rest_route=\/wp\/v2\/pages\/156\/revisions"}],"predecessor-version":[{"id":201,"href":"https:\/\/vetprnjavor.com\/index.php?rest_route=\/wp\/v2\/pages\/156\/revisions\/201"}],"wp:attachment":[{"href":"https:\/\/vetprnjavor.com\/index.php?rest_route=%2Fwp%2Fv2%2Fmedia&parent=156"}],"curies":[{"name":"wp","href":"https:\/\/api.w.org\/{rel}","templated":true}]}}