{"id":50,"date":"2026-01-20T17:04:05","date_gmt":"2026-01-20T17:04:05","guid":{"rendered":"https:\/\/vetprnjavor.com\/?page_id=50"},"modified":"2026-03-14T10:45:28","modified_gmt":"2026-03-14T10:45:28","slug":"pocetna","status":"publish","type":"page","link":"https:\/\/vetprnjavor.com\/","title":{"rendered":"Po\u010detna"},"content":{"rendered":"\n    \n    <section class=\"u-clearfix u-image u-shading u-section-2\" id=\"carousel_a13f\" data-image-width=\"1536\" data-image-height=\"1024\" style=\"background-image: linear-gradient(0deg, rgba(0, 0, 0, 0.1), rgba(0, 0, 0, 0.1)), url(&quot;https:\/\/vetprnjavor.com\/wp-content\/uploads\/2026\/01\/unnamed.jpg&quot;);\">\n      <div class=\"u-clearfix u-sheet u-valign-bottom-xl u-sheet-1\">\n        <p class=\"u-text u-text-default u-text-1\">OD 1952...<\/p>\n      <\/div>\n    <\/section>\n    <section class=\"u-clearfix u-section-3\" id=\"carousel_fd36\">\n      <div class=\"u-clearfix u-sheet u-valign-middle-lg u-valign-middle-md u-valign-middle-sm u-valign-middle-xl u-valign-top-xs u-sheet-1\">\n        <div class=\"data-layout-selected u-clearfix u-expanded-width u-layout-wrap u-layout-wrap-1\">\n          <div class=\"u-layout\">\n            <div class=\"u-layout-row\">\n              <div class=\"u-align-center u-container-align-center u-container-style u-layout-cell u-left-cell u-size-30 u-layout-cell-1\">\n                <div class=\"u-container-layout u-valign-bottom-lg u-valign-bottom-md u-valign-bottom-sm u-valign-top-xl u-container-layout-1\">\n                  <h1 class=\"u-text u-text-1\">Veterinarska stanica a.d. Prnjavor<\/h1>\n                  <p class=\"u-text u-text-default u-text-2\"> Veterinarska stanica Prnjavor nudi terapiju i izvo\u0111enje najslo\u017eenijih hirur\u0161kih zahvata, modernu dijagnostiku ( RTG, UZ, laboratorije...), stacionar za intenzivnu njegu, grooming i petshop sa apotekom.&nbsp;<br>70 GODINA SA VAMA.<br>\n                  <\/p>\n                <\/div>\n              <\/div>\n              <div class=\"u-container-style u-image u-layout-cell u-size-30 u-image-1\" data-image-width=\"732\" data-image-height=\"474\" style=\"background-image: url(&quot;https:\/\/vetprnjavor.com\/wp-content\/uploads\/2026\/01\/547086128_1205396071607167_6896336958744663309_n.jpg&quot;);\">\n                <div class=\"u-container-layout u-container-layout-2\"><\/div>\n              <\/div>\n            <\/div>\n          <\/div>\n        <\/div>\n      <\/div>\n    <\/section>\n    <section class=\"u-align-center u-clearfix u-container-align-center u-grey-10 u-valign-bottom-lg u-valign-middle-md u-valign-middle-sm u-valign-middle-xs u-section-4\" id=\"carousel_e598\">\n      <div class=\"u-clearfix u-sheet u-valign-middle u-sheet-1\">\n        <div class=\"data-layout-selected u-clearfix u-expanded-width u-layout-wrap u-layout-wrap-1\">\n          <div class=\"u-layout\">\n            <div class=\"u-layout-row\">\n              <div class=\"u-size-23 u-size-60-md\">\n                <div class=\"u-layout-col\">\n                  <div class=\"u-align-left u-container-align-left u-container-style u-image u-layout-cell u-right-cell u-similar-fill u-size-60 u-image-1\" data-image-width=\"1028\" data-image-height=\"1599\" style=\"background-image: url(&quot;https:\/\/vetprnjavor.com\/wp-content\/uploads\/2026\/01\/87c6eef5-ca52-4c26-ab23-1a51fa138387.jpg&quot;);\">\n                    <div class=\"u-container-layout u-valign-middle u-container-layout-1\"><\/div>\n                  <\/div>\n                <\/div>\n              <\/div>\n              <div class=\"u-size-37 u-size-60-md\">\n                <div class=\"u-layout-col\">\n                  <div class=\"u-size-30\">\n                    <div class=\"u-layout-row\">\n                      <div class=\"u-align-center u-container-align-center u-container-style u-image u-layout-cell u-size-30 u-image-2\" data-image-width=\"150\" data-image-height=\"111\" style=\"background-image: url(&quot;https:\/\/vetprnjavor.com\/wp-content\/uploads\/2026\/01\/x7za9dVENSWArwpZEfky8gpl7UWbr4O1Ap3qyHSDrvppLlFbOlXHG6LKa2dnzvQFOiZinI2OX9osW0.jpeg&quot;);\">\n                        <div class=\"u-container-layout u-valign-middle u-container-layout-2\"><\/div>\n                      <\/div>\n                      <div class=\"u-align-center u-container-align-center u-container-style u-image u-layout-cell u-left-cell u-similar-fill u-size-30 u-image-3\" data-image-width=\"150\" data-image-height=\"102\" style=\"background-image: url(&quot;https:\/\/vetprnjavor.com\/wp-content\/uploads\/2026\/01\/Vub6OZFWOw.jpeg&quot;);\">\n                        <div class=\"u-container-layout u-valign-middle-lg u-valign-middle-md u-valign-middle-sm u-valign-middle-xs u-valign-top-xl u-container-layout-3\"><\/div>\n                      <\/div>\n                    <\/div>\n                  <\/div>\n                  <div class=\"u-size-30\">\n                    <div class=\"u-layout-row\">\n                      <div class=\"u-align-center u-container-align-center u-container-style u-image u-layout-cell u-similar-fill u-size-30 u-image-4\" data-image-width=\"150\" data-image-height=\"100\" style=\"background-image: url(&quot;https:\/\/vetprnjavor.com\/wp-content\/uploads\/2026\/01\/jDMncKQj2zXQkgyFV2uNEH4Mw3sLeNDIP8.jpeg&quot;);\">\n                        <div class=\"u-container-layout u-valign-bottom-xl u-valign-middle-lg u-valign-middle-md u-valign-middle-sm u-valign-middle-xs u-container-layout-4\"><\/div>\n                      <\/div>\n                      <div class=\"u-align-center u-container-align-center u-container-style u-image u-layout-cell u-left-cell u-similar-fill u-size-30 u-image-5\" data-image-width=\"150\" data-image-height=\"103\" style=\"background-image: url(&quot;https:\/\/vetprnjavor.com\/wp-content\/uploads\/2026\/01\/Ge2mUscrtoPppWisPXa2Oq9tXM.jpeg&quot;);\">\n                        <div class=\"u-container-layout u-valign-middle-lg u-valign-middle-md u-valign-middle-sm u-valign-middle-xs u-container-layout-5\"><\/div>\n                      <\/div>\n                    <\/div>\n                  <\/div>\n                <\/div>\n              <\/div>\n            <\/div>\n          <\/div>\n        <\/div>\n      <\/div>\n    <\/section>\n    <section class=\"u-clearfix u-section-5\" id=\"carousel_b4a7\">\n      <div class=\"data-layout-selected u-clearfix u-expanded-width u-layout-wrap u-layout-wrap-1\">\n        <div class=\"u-layout\">\n          <div class=\"u-layout-row\">\n            <div class=\"u-size-30\">\n              <div class=\"u-layout-row\">\n                <div class=\"u-align-center-xs u-container-style u-image u-layout-cell u-left-cell u-shading u-size-60 u-image-1\" data-image-width=\"1079\" data-image-height=\"1438\" style=\"background-image: linear-gradient(0deg, rgba(0, 0, 0, 0.15), rgba(0, 0, 0, 0.15)), url(&quot;https:\/\/vetprnjavor.com\/wp-content\/uploads\/2026\/01\/571155269_1246553947491379_8726386581607132202_n.jpg&quot;);\">\n                  <div class=\"u-container-layout u-valign-bottom-lg u-valign-bottom-md u-valign-bottom-sm u-valign-bottom-xs u-container-layout-1\">\n                    <p class=\"u-align-center-lg u-align-center-md u-align-center-sm u-align-center-xl u-text u-text-1\">Kompletan tretman za Va\u0161eg ljubimca... <\/p>\n                  <\/div>\n                <\/div>\n              <\/div>\n            <\/div>\n            <div class=\"u-size-30\">\n              <div class=\"u-layout-col\">\n                <div class=\"u-align-center u-container-align-center u-container-style u-custom-color-1 u-layout-cell u-right-cell u-size-30 u-layout-cell-2\">\n                  <div class=\"u-container-layout u-valign-bottom-lg u-valign-bottom-md u-valign-bottom-sm u-valign-bottom-xl u-container-layout-2\">\n                    <div alt=\"\" class=\"u-image u-image-circle u-image-2\" data-image-width=\"1053\" data-image-height=\"1500\" style=\"background-image: url(&quot;https:\/\/vetprnjavor.com\/wp-content\/uploads\/2026\/01\/pexelsphoto2023384.jpeg&quot;);\"><\/div>\n                    <p class=\"u-text u-text-2\"> \u201cPas je jedino bi\u0107e na zemlji koje te voli vi\u0161e nego \u0161to ti voli\u0161 sebe.\u201d Josh Billings<\/p>\n                  <\/div>\n                <\/div>\n                <div class=\"u-container-style u-image u-layout-cell u-right-cell u-size-30 u-image-3\" data-image-width=\"2048\" data-image-height=\"1547\" style=\"background-image: url(&quot;https:\/\/vetprnjavor.com\/wp-content\/uploads\/2026\/01\/550993940_1215718920574882_8629797054350441890_n.jpg&quot;);\">\n                  <div class=\"u-container-layout u-container-layout-3\"><\/div>\n                <\/div>\n              <\/div>\n            <\/div>\n          <\/div>\n        <\/div>\n      <\/div>\n    <\/section>\n    <section class=\"u-clearfix u-valign-middle-lg u-valign-top-md u-valign-top-sm u-section-6\" id=\"carousel_238a\">\n      <div class=\"u-clearfix u-sheet u-valign-middle-xl u-valign-middle-xs u-sheet-1\">\n        <div class=\"data-layout-selected u-clearfix u-layout-wrap u-layout-wrap-1\">\n          <div class=\"u-gutter-0 u-layout\">\n            <div class=\"u-layout-row\">\n              <div class=\"u-container-align-center u-container-style u-image u-layout-cell u-size-20 u-image-1\" style=\"background-image: url(&quot;https:\/\/vetprnjavor.com\/wp-content\/uploads\/2026\/01\/pexelsphoto1389994.jpeg&quot;);\">\n                <div class=\"u-container-layout u-valign-top-lg u-valign-top-md u-valign-top-sm u-valign-top-xs u-container-layout-1\"><\/div>\n              <\/div>\n              <div class=\"u-container-style u-image u-layout-cell u-size-20 u-image-2\" style=\"background-image: url(&quot;https:\/\/vetprnjavor.com\/wp-content\/uploads\/2026\/01\/NuPasRI4nN3MNSB5dDg.jpeg&quot;);\">\n                <div class=\"u-container-layout u-valign-top-lg u-valign-top-md u-valign-top-sm u-container-layout-2\"><\/div>\n              <\/div>\n              <div class=\"u-container-style u-image u-layout-cell u-size-20 u-image-3\" style=\"background-image: url(&quot;https:\/\/vetprnjavor.com\/wp-content\/uploads\/2026\/01\/nvP781GR80.jpeg&quot;);\">\n                <div class=\"u-container-layout u-valign-top-lg u-valign-top-md u-valign-top-sm u-container-layout-3\"><\/div>\n              <\/div>\n            <\/div>\n          <\/div>\n        <\/div>\n      <\/div>\n    <\/section>\n    <section class=\"u-clearfix u-grey-10 u-section-7\" id=\"carousel_539e\">\n      <div class=\"u-clearfix u-sheet u-valign-middle-sm u-valign-middle-xl u-sheet-1\">\n        <div class=\"data-layout-selected u-clearfix u-expanded-width u-layout-wrap u-layout-wrap-1\">\n          <div class=\"u-layout\">\n            <div class=\"u-layout-row\">\n              <div class=\"u-align-center u-container-align-center u-container-style u-layout-cell u-left-cell u-size-18 u-layout-cell-1\">\n                <div class=\"u-container-layout u-valign-middle-lg u-valign-middle-md u-valign-middle-sm u-valign-top-xl u-valign-top-xs u-container-layout-1\">\n                  <h2 class=\"u-text u-text-default u-text-1\">Veterinarska<br>stanica a.d.<br>prnjavor\n                  <\/h2>\n                  <p class=\"u-text u-text-default u-text-2\"> Veterinarska stanica Prnjavor nudi terapiju i izvo\u0111enje najslo\u017eenijih hirur\u0161kih zahvata, modernu dijagnostiku ( RTG, UZ, laboratorije...), stacionar za intenzivnu njegu, grooming i petshop sa apotekom.&nbsp;<br>70 GODINA SA VAMA.<br>\n                  <\/p>\n                <\/div>\n              <\/div>\n              <div class=\"u-container-style u-image u-layout-cell u-size-24 u-image-1\" data-image-width=\"1280\" data-image-height=\"853\" style=\"background-image: url(&quot;https:\/\/vetprnjavor.com\/wp-content\/uploads\/2026\/01\/photo-1496284427489-f59461d8a8e6.jpeg&quot;);\">\n                <div class=\"u-container-layout u-container-layout-2\"><\/div>\n              <\/div>\n              <div class=\"u-black u-container-style u-layout-cell u-right-cell u-size-18 u-layout-cell-3\">\n                <div class=\"u-container-layout u-valign-bottom-lg u-valign-bottom-md u-valign-bottom-xl u-valign-middle-sm u-valign-middle-xs u-container-layout-3\">\n                  <img decoding=\"async\" src=\"https:\/\/vetprnjavor.com\/wp-content\/uploads\/2026\/01\/555.png\" alt=\"\" class=\"u-expanded-width u-image u-image-default u-image-2\" data-image-width=\"650\" data-image-height=\"461\">\n                <\/div>\n              <\/div>\n            <\/div>\n          <\/div>\n        <\/div>\n      <\/div>\n    <\/section>\n    <section class=\"u-align-center-xs u-align-right-lg u-align-right-md u-align-right-sm u-align-right-xl u-clearfix u-image u-section-8\" id=\"carousel_106a\" style=\"background-image: url(&quot;https:\/\/vetprnjavor.com\/wp-content\/uploads\/2026\/01\/pexelsphoto1458916.jpg&quot;);\">\n      <div class=\"u-clearfix u-sheet u-valign-middle-lg u-valign-middle-md u-valign-middle-sm u-valign-middle-xs u-sheet-1\">\n        <h1 class=\"u-text u-text-1\">Kontakt<\/h1>\n        <h4 class=\"u-align-right u-custom-font u-text u-text-2\">Veterinarska stanica a.d. Prnjavor&nbsp;<br>V\u200bojvode Stepe bb,<br>Kontakt tel: +387 51 663-507<br>&nbsp;Prnjavor 78430,<br>&nbsp;Bosnia and Herzegovina, \n        <\/h4>\n        <div class=\"u-grey-light-2 u-map u-map-1\">\n          <div class=\"embed-responsive\">\n            <iframe class=\"embed-responsive-item\" src=\"https:\/\/maps.google.com\/maps?output=embed&amp;q=Vojvode%20Stepe&amp;z=10&amp;t=m\" data-map=\"JTdCJTIyYWRkcmVzcyUyMiUzQSUyMlZvanZvZGUlMjBTdGVwZSUyMiUyQyUyMnpvb20lMjIlM0ExMCUyQyUyMnR5cGVJZCUyMiUzQSUyMnJvYWQlMjIlMkMlMjJsYW5nJTIyJTNBbnVsbCUyQyUyMmFwaUtleSUyMiUzQW51bGwlMkMlMjJtYXJrZXJzJTIyJTNBJTVCJTVEJTdE\"><\/iframe>\n          <\/div>\n        <\/div>\n      <\/div>\n    <\/section>\n    \n    \n    \n  \n","protected":false},"excerpt":{"rendered":"<p>OD 1952&#8230; Veterinarska stanica a.d. Prnjavor Veterinarska stanica Prnjavor nudi terapiju i izvo\u0111enje najslo\u017eenijih hirur\u0161kih zahvata, modernu dijagnostiku ( RTG, UZ, laboratorije&#8230;), stacionar za intenzivnu njegu, grooming i petshop sa apotekom.&nbsp;70 GODINA SA VAMA. Kompletan tretman za Va\u0161eg ljubimca&#8230; \u201cPas je jedino bi\u0107e na zemlji koje te voli vi\u0161e nego \u0161to ti voli\u0161 sebe.\u201d Josh &hellip; <a href=\"https:\/\/vetprnjavor.com\/\" class=\"more-link\">Continue reading<span class=\"screen-reader-text\"> &#8220;Po\u010detna&#8221;<\/span><\/a><\/p>\n","protected":false},"author":1,"featured_media":0,"parent":0,"menu_order":1,"comment_status":"closed","ping_status":"closed","template":"","meta":{"footnotes":""},"class_list":["post-50","page","type-page","status-publish","hentry"],"_links":{"self":[{"href":"https:\/\/vetprnjavor.com\/index.php?rest_route=\/wp\/v2\/pages\/50","targetHints":{"allow":["GET"]}}],"collection":[{"href":"https:\/\/vetprnjavor.com\/index.php?rest_route=\/wp\/v2\/pages"}],"about":[{"href":"https:\/\/vetprnjavor.com\/index.php?rest_route=\/wp\/v2\/types\/page"}],"author":[{"embeddable":true,"href":"https:\/\/vetprnjavor.com\/index.php?rest_route=\/wp\/v2\/users\/1"}],"replies":[{"embeddable":true,"href":"https:\/\/vetprnjavor.com\/index.php?rest_route=%2Fwp%2Fv2%2Fcomments&post=50"}],"version-history":[{"count":5,"href":"https:\/\/vetprnjavor.com\/index.php?rest_route=\/wp\/v2\/pages\/50\/revisions"}],"predecessor-version":[{"id":220,"href":"https:\/\/vetprnjavor.com\/index.php?rest_route=\/wp\/v2\/pages\/50\/revisions\/220"}],"wp:attachment":[{"href":"https:\/\/vetprnjavor.com\/index.php?rest_route=%2Fwp%2Fv2%2Fmedia&parent=50"}],"curies":[{"name":"wp","href":"https:\/\/api.w.org\/{rel}","templated":true}]}}