{"id":94,"date":"2026-01-21T12:38:28","date_gmt":"2026-01-21T12:38:28","guid":{"rendered":"https:\/\/vetprnjavor.com\/?page_id=94"},"modified":"2026-01-27T08:36:55","modified_gmt":"2026-01-27T08:36:55","slug":"nas-tim","status":"publish","type":"page","link":"https:\/\/vetprnjavor.com\/?page_id=94","title":{"rendered":"NA\u0160 TIM"},"content":{"rendered":"\n    \n    <section class=\"u-clearfix u-section-2\" id=\"block-1\">\n      <div class=\"u-clearfix u-sheet u-sheet-1\">\n        <div class=\"u-align-center u-clearfix u-container-align-center-md u-container-align-center-sm u-expanded-width u-group-elements u-group-elements-1\">\n          <div class=\"fr-view u-align-center-md u-align-center-sm u-align-center-xs u-clearfix u-rich-text u-text u-text-1\"><\/div>\n          <img decoding=\"async\" class=\"u-align-center u-image u-image-circle u-image-1\" src=\"https:\/\/vetprnjavor.com\/wp-content\/uploads\/2026\/01\/sinisa-gataric.jpg\" alt=\"\" data-image-width=\"970\" data-image-height=\"837\">\n          <p class=\"u-align-center u-text u-text-2\">Dr sci. Sini\u0161a Gatari\u0107\u200b Ph.D.<\/p>\n          <img decoding=\"async\" class=\"u-align-center u-image u-image-circle u-image-2\" src=\"https:\/\/vetprnjavor.com\/wp-content\/uploads\/2026\/01\/milospupovac.jpg\" alt=\"\" data-image-width=\"2048\" data-image-height=\"2006\">\n          <p class=\"u-align-center u-text u-text-3\">Dr. vet. med Milo\u0161 Pupovac<\/p>\n          <img decoding=\"async\" class=\"u-image u-image-circle u-image-3\" src=\"https:\/\/vetprnjavor.com\/wp-content\/uploads\/2026\/01\/9ec893ca-5869-4703-ad82-b09dabd713bd.jpeg\" alt=\"\" data-image-width=\"866\" data-image-height=\"1431\">\n          <p class=\"u-align-center u-text u-text-4\">Dr vet. med Tihomir Adamovi\u0107<\/p>\n          <img decoding=\"async\" class=\"u-image u-image-circle u-image-4\" src=\"https:\/\/vetprnjavor.com\/wp-content\/uploads\/2026\/01\/b81558e8-c22d-4f46-a817-8c4c859b1824.jpeg\" alt=\"\" data-image-width=\"1194\" data-image-height=\"1434\">\n          <p class=\"u-align-center u-text u-text-5\">Vet. tehni\u010dar Mirjana Dragani\u0107 <\/p>\n        <\/div>\n        <img decoding=\"async\" class=\"u-image u-image-circle u-image-5\" src=\"https:\/\/vetprnjavor.com\/wp-content\/uploads\/2026\/01\/rakic.jpg\" alt=\"\" data-image-width=\"681\" data-image-height=\"1349\">\n        <p class=\"u-align-center u-text u-text-6\">Vet. tehni\u010dar Slavi\u0161a Raki\u0107<\/p>\n        <img decoding=\"async\" class=\"u-image u-image-circle u-image-6\" src=\"https:\/\/vetprnjavor.com\/wp-content\/uploads\/2026\/01\/77d53917-61ec-43be-bba1-9622fe088c09.jpeg\" alt=\"\" data-image-width=\"1390\" data-image-height=\"1770\">\n        <p class=\"u-align-center u-text u-text-7\">Vet. tehni\u010dar Rodoljub \u0106etojevi\u0107<\/p>\n        <img decoding=\"async\" class=\"u-image u-image-circle u-image-7\" src=\"https:\/\/vetprnjavor.com\/wp-content\/uploads\/2026\/01\/10d8d962-a313-49cc-99aa-92f285b1efb3.jpeg\" alt=\"\" data-image-width=\"1500\" data-image-height=\"2000\">\n        <p class=\"u-align-center u-text u-text-8\">Vet. tehni\u010dar Slavi\u0161a Desi\u0107<\/p>\n        <img decoding=\"async\" class=\"u-image u-image-circle u-image-8\" src=\"https:\/\/vetprnjavor.com\/wp-content\/uploads\/2026\/01\/149bca35-fc2b-4524-baa1-f39efa98aaa6.jpeg\" alt=\"\" data-image-width=\"1232\" data-image-height=\"1772\">\n        <p class=\"u-align-center u-text u-text-9\">Ra\u010dunovodstvo Nada Debeljak<\/p>\n      <\/div>\n    <\/section>\n    \n    \n    \n  \n","protected":false},"excerpt":{"rendered":"<p>Dr sci. Sini\u0161a Gatari\u0107\u200b Ph.D. Dr. vet. med Milo\u0161 Pupovac Dr vet. med Tihomir Adamovi\u0107 Vet. tehni\u010dar Mirjana Dragani\u0107 Vet. tehni\u010dar Slavi\u0161a Raki\u0107 Vet. tehni\u010dar Rodoljub \u0106etojevi\u0107 Vet. tehni\u010dar Slavi\u0161a Desi\u0107 Ra\u010dunovodstvo Nada Debeljak<\/p>\n","protected":false},"author":1,"featured_media":0,"parent":0,"menu_order":0,"comment_status":"closed","ping_status":"closed","template":"","meta":{"footnotes":""},"class_list":["post-94","page","type-page","status-publish","hentry"],"_links":{"self":[{"href":"https:\/\/vetprnjavor.com\/index.php?rest_route=\/wp\/v2\/pages\/94","targetHints":{"allow":["GET"]}}],"collection":[{"href":"https:\/\/vetprnjavor.com\/index.php?rest_route=\/wp\/v2\/pages"}],"about":[{"href":"https:\/\/vetprnjavor.com\/index.php?rest_route=\/wp\/v2\/types\/page"}],"author":[{"embeddable":true,"href":"https:\/\/vetprnjavor.com\/index.php?rest_route=\/wp\/v2\/users\/1"}],"replies":[{"embeddable":true,"href":"https:\/\/vetprnjavor.com\/index.php?rest_route=%2Fwp%2Fv2%2Fcomments&post=94"}],"version-history":[{"count":5,"href":"https:\/\/vetprnjavor.com\/index.php?rest_route=\/wp\/v2\/pages\/94\/revisions"}],"predecessor-version":[{"id":207,"href":"https:\/\/vetprnjavor.com\/index.php?rest_route=\/wp\/v2\/pages\/94\/revisions\/207"}],"wp:attachment":[{"href":"https:\/\/vetprnjavor.com\/index.php?rest_route=%2Fwp%2Fv2%2Fmedia&parent=94"}],"curies":[{"name":"wp","href":"https:\/\/api.w.org\/{rel}","templated":true}]}}